{"id":636,"date":"2018-01-12T09:58:41","date_gmt":"2018-01-12T15:58:41","guid":{"rendered":"https:\/\/growahead.org\/apply-for-a-scholarship\/"},"modified":"2018-04-14T15:17:41","modified_gmt":"2018-04-14T20:17:41","slug":"apply-for-a-scholarship","status":"publish","type":"page","link":"https:\/\/growahead.org\/es\/apply-for-a-scholarship\/","title":{"rendered":"Solicite Una Beca"},"content":{"rendered":"<h1>\n\t\t\t\tDesign is a funny word<br \/>\n\t\t\t<\/h1>\n<h1>\n\t\tSolicite una beca para asistir a un taller de agroecolog\u00eda o agricultura org\u00e1nica regenerativa<br \/>\n\t<\/h1>\n<h3>\n\t\tNUESTRO CRITERIO<br \/>\n\t<\/h3>\n<ul>\n<li>Deber\u00eda ser una mujer campesina<\/li>\n<li>Tiene que ser originaria de \u00c1frica, Asia o Am\u00e9rica Latina<\/li>\n<li>Tiene que tener 18 a\u00f1os de edad<\/li>\n<li>Tiene que adjuntar una foto, crear un perfil y apoyar en la promoci\u00f3n de la campa\u00f1a de recaudaci\u00f3n de fondos, si su solicitud es aceptada<\/li>\n<li>El taller o capacitaci\u00f3n que elija solicitar debe enfocarse en agroecolog\u00eda o agricultura org\u00e1nica regenerativa, que incluye (entre otros) agrosilvicultura, biochar, compost, manejo hol\u00edstico, labranza de conservaci\u00f3n, pastoreo, silvopastura, permacultura u otras pr\u00e1cticas que\u00a0construyen la resiliencia clim\u00e1tica.<\/li>\n<\/ul>\n<h3>\n\t\tAs\u00ed es como funciona<br \/>\n\t<\/h3>\n<h6>\n\t\tAPRENDER<br \/>\n\t<\/h6>\n<p style=\"text-align: center;\">Elija una capacitaci\u00f3n.<\/p>\n<h6>\n\t\tAPLICAR<br \/>\n\t<\/h6>\n<p style=\"text-align: center;\" data-mce-style=\"text-align: center;\">Averig\u00fce si califica y complete la solicitud en l\u00ednea.<\/p>\n<h6>\n\t\tEN LINA<br \/>\n\t<\/h6>\n<p style=\"text-align: center;\">Una vez que Grow Ahead apruebe, su perfil de campa\u00f1a se publicar\u00e1 en l\u00ednea durante 45 d\u00edas.<\/p>\n<h6>\n\t\tRECAUDAR FONDOS<br \/>\n\t<\/h6>\n<p style=\"text-align: center;\" data-mce-style=\"text-align: center;\">Comparta su campa\u00f1a para obtener el apoyo de amigos y familiares. \u00a1Nosotros tambi\u00e9n te ayudaremos a recaudar fondos!<\/p>\n<h6>\n\t\tASISTIR AL PROGRAMA<br \/>\n\t<\/h6>\n<p style=\"text-align: center;\" data-mce-style=\"text-align: center;\">Asiste al taller.<\/p>\n<h6>\n\t\tCOMPARTE TU HISTORIA<br \/>\n\t<\/h6>\n<p style=\"text-align: center;\">Comparta su historia para inspirar a otros a dar apoyo a los peque\u00f1os agricultores.<\/p>\n<p style=\"text-align: center;\">Aceptamos aplicaciones de forma continua, por solicitudes de becas hasta US$2,500. Una vez que haya enviado su solicitud, un miembro de nuestro equipo se pondr\u00e1 en contacto con usted para informarle si re\u00fane los requisitos o para analizar su consulta. Hacemos todo lo posible para tomar decisiones sobre las solicitudes de becas en un plazo de tres a cuatro semanas despu\u00e9s de recibir una solicitud completa. \u00a1Esperamos saber m\u00e1s acerca de usted!<\/p>\n<h3>\n\t\tPerfil de campa\u00f1a muestra<br \/>\n\t<\/h3>\n<p>\t\t\t\t<img loading=\"lazy\" decoding=\"async\" src=\"https:\/\/growahead.org\/wp-content\/uploads\/DSC_0384.jpg\" alt=\"DSC_0384\" itemprop=\"image\" height=\"1330\" width=\"2000\"  \/><\/p>\n<h3>Ange\u0301lica de la Paz Lo\u0301pez, Maya Vinic, Chiapas<\/h3>\n<p><strong>Organizaci\u00f3n:<\/strong> Uni\u00f3n de Productores Maya Vinic<\/p>\n<p><strong>Historia:<\/strong> Nuestra cooperativa est\u00e1 compuesta por unas 500 familias productoras de caf\u00e9 ubicadas en 38 comunidades de las tierras altas de los municipios de Chenalh\u00f3, Pantelh\u00f3 y Chalchihuit\u00e1n, en Chiapas, M\u00e9xico. Cada miembro tiene en promedio una hect\u00e1rea de caf\u00e9 y produce alrededor de 400 kilos al a\u00f1o. Inspirada en las tradiciones de nuestros antepasados, Maya Vinic opera con respeto por el idioma y la cultura local, y una reverencia por la Madre Tierra y las formas tradicionales de autogobierno.<\/p>\n<p><strong>Desaf\u00edos clave:<\/strong>\u00a0Oxidaci\u00f3n de la hoja, aumento de las temperaturas y patrones de lluvia variables.<\/p>\n<p><strong>Beca solicitada:<\/strong>\u00a0Capacitaci\u00f3n de COMSA sobre agricultura org\u00e1nica.<\/p>\n<p><strong>\u00bfPor qu\u00e9 esta beca?<\/strong> Para aprender t\u00e1cticas sobre c\u00f3mo mejorar la resiliencia clim\u00e1tica de mi tierra de cultivo.<\/p>\n<p>\t\t\t<a href=\"\" target=\"_self\" role=\"button\"><br \/>\n\t\t\t\t\t\t\tAPOYA ANG\u00c9LICA<br \/>\n\t\t\t\t\t<\/a><\/p>\n","protected":false},"excerpt":{"rendered":"<p>Design is a funny word Solicite una beca para asistir a un taller de agroecolog\u00eda o agricultura org\u00e1nica regenerativa NUESTRO CRITERIO Deber\u00eda ser una mujer campesina Tiene que ser originaria de \u00c1frica, Asia o Am\u00e9rica Latina Tiene que tener 18 a\u00f1os de edad Tiene que adjuntar una foto, crear un perfil y apoyar en la&hellip;<\/p>\n","protected":false},"author":5,"featured_media":499,"parent":0,"menu_order":0,"comment_status":"closed","ping_status":"closed","template":"","meta":{"_acf_changed":false,"om_disable_all_campaigns":false,"_exactmetrics_skip_tracking":false,"_exactmetrics_sitenote_active":false,"_exactmetrics_sitenote_note":"","_exactmetrics_sitenote_category":0,"_monsterinsights_skip_tracking":false,"_monsterinsights_sitenote_active":false,"_monsterinsights_sitenote_note":"","_monsterinsights_sitenote_category":0,"footnotes":""},"class_list":["post-636","page","type-page","status-publish","has-post-thumbnail","hentry"],"acf":[],"_links":{"self":[{"href":"https:\/\/growahead.org\/es\/wp-json\/wp\/v2\/pages\/636","targetHints":{"allow":["GET"]}}],"collection":[{"href":"https:\/\/growahead.org\/es\/wp-json\/wp\/v2\/pages"}],"about":[{"href":"https:\/\/growahead.org\/es\/wp-json\/wp\/v2\/types\/page"}],"author":[{"embeddable":true,"href":"https:\/\/growahead.org\/es\/wp-json\/wp\/v2\/users\/5"}],"replies":[{"embeddable":true,"href":"https:\/\/growahead.org\/es\/wp-json\/wp\/v2\/comments?post=636"}],"version-history":[{"count":0,"href":"https:\/\/growahead.org\/es\/wp-json\/wp\/v2\/pages\/636\/revisions"}],"wp:featuredmedia":[{"embeddable":true,"href":"https:\/\/growahead.org\/es\/wp-json\/wp\/v2\/media\/499"}],"wp:attachment":[{"href":"https:\/\/growahead.org\/es\/wp-json\/wp\/v2\/media?parent=636"}],"curies":[{"name":"wp","href":"https:\/\/api.w.org\/{rel}","templated":true}]}}